{"id":104,"date":"2023-02-16T07:51:45","date_gmt":"2023-02-16T05:51:45","guid":{"rendered":"https:\/\/lipitori-medicinale.ro\/stage\/?post_type=product&#038;p=104"},"modified":"2024-09-24T11:10:58","modified_gmt":"2024-09-24T09:10:58","slug":"curs-hirudo-terapie","status":"publish","type":"product","link":"https:\/\/lipitori-medicinale.ro\/stage\/product\/curs-hirudo-terapie\/","title":{"rendered":"Curs Hirudo Terapie"},"content":{"rendered":"<h1>Ce ve\u021bi \u00eenv\u0103\u021ba la cursul de Hirudo Terapie?!<\/h1>\n<h3>ISTORIE<\/h3>\n<p>Scurt\u0103 istorie a Hirudo Terapiei<\/p>\n<h3>CRE\u0218TERE \u0218I \u00ceNMUL\u021aIRE<\/h3>\n<p>Informa\u021bii de baz\u0103 despre cre\u0219terea \u0219i \u00eenmul\u021birea lipitorilor<\/p>\n<h3>HIRUDO TERAPIA \u00ceN LUME<\/h3>\n<p>Ce se \u00eent\u00e2mpl\u0103 la nivel mondial<\/p>\n<h3>HIRUDO TERAPIA \u00ceN ROM\u00c2NIA<\/h3>\n<p>Situa\u021bia Hirudo terapiei \u00een Romania<\/p>\n<h3>HIRUDO TERAPIA<\/h3>\n<p>Ce inseamn\u0103 Hirudo terapia \u0219i ce se poate face cu ea<\/p>\n<h3>LIPITORILE MEDICINALE<\/h3>\n<p>Biologia \u0219i biodiversitatea lipitorilor medicinale<\/p>\n<h3>APLICARE HIRUDO TERAPIE<\/h3>\n<p>Cum \u0219i c\u00e2nd se aplic\u0103 Hirudo terapia<\/p>\n<h3>INDICA\u021aII \u0218I CONTRA INDICA\u021aII<\/h3>\n<p>C\u00e2nd se pot aplica lipitorile medicinale \u0219i c\u00e2nd nu este indicat<\/p>\n<h3>PUNCTE DE APLICARE<\/h3>\n<p>Puncte \u0219i zone de aplicare a lipitorilor medicinale<\/p>\n<h3>TRATAMENT ACAS\u0102<\/h3>\n<p>Cum pute\u021bi aplica Hirudo terapia acas\u0103<\/p>\n<h3>HIRUDO TERAPIA \u00ceN COSMETIC\u0102<\/h3>\n<p>Cum se poate folosi Hirudo terapia \u00een cometic\u0103<\/p>\n<h3>EFECTELE HIRUDO TERAPIEI<\/h3>\n<p>Ce efecte are Hirudo terapia asupra corpului<br \/>\n\u0219i multe altele..<\/p>\n<p>&nbsp;<\/p>\n<h6>*Plata efectuata nu poate fi rambursata mai tarziu de 22 Septembrie 2023 \u00een caz de neprezentare.<\/h6>\n<div id=\"gtx-trans\" style=\"position: absolute;left: -3px;top: 1210.33px\">\n<div class=\"gtx-trans-icon\"><\/div>\n<\/div>\n","protected":false},"excerpt":{"rendered":"<p><strong>Rezerva locul tau la Cursul de Hirudo Terapie<\/strong><\/p>\n<p>&nbsp;<\/p>\n<div id=\"gtx-trans\" style=\"position: absolute;left: -1px;top: 30.1117px\">\n<div class=\"gtx-trans-icon\"><\/div>\n<\/div>\n","protected":false},"featured_media":332,"template":"","meta":[],"product_cat":[44],"product_tag":[45,46],"class_list":{"0":"post-104","1":"product","2":"type-product","3":"status-publish","4":"has-post-thumbnail","6":"product_cat-curs-hirudoterapie","7":"product_tag-curs-hirudo-terapie","8":"product_tag-lipitori-ro","10":"first","11":"instock","12":"virtual","13":"purchasable","14":"product-type-simple"},"_links":{"self":[{"href":"https:\/\/lipitori-medicinale.ro\/stage\/wp-json\/wp\/v2\/product\/104","targetHints":{"allow":["GET"]}}],"collection":[{"href":"https:\/\/lipitori-medicinale.ro\/stage\/wp-json\/wp\/v2\/product"}],"about":[{"href":"https:\/\/lipitori-medicinale.ro\/stage\/wp-json\/wp\/v2\/types\/product"}],"wp:featuredmedia":[{"embeddable":true,"href":"https:\/\/lipitori-medicinale.ro\/stage\/wp-json\/wp\/v2\/media\/332"}],"wp:attachment":[{"href":"https:\/\/lipitori-medicinale.ro\/stage\/wp-json\/wp\/v2\/media?parent=104"}],"wp:term":[{"taxonomy":"product_cat","embeddable":true,"href":"https:\/\/lipitori-medicinale.ro\/stage\/wp-json\/wp\/v2\/product_cat?post=104"},{"taxonomy":"product_tag","embeddable":true,"href":"https:\/\/lipitori-medicinale.ro\/stage\/wp-json\/wp\/v2\/product_tag?post=104"}],"curies":[{"name":"wp","href":"https:\/\/api.w.org\/{rel}","templated":true}]}}