{"id":3,"date":"2024-02-15T14:50:10","date_gmt":"2024-02-15T14:50:10","guid":{"rendered":"https:\/\/lipitori-medicinale.ro\/stage\/?page_id=3"},"modified":"2024-09-26T12:23:51","modified_gmt":"2024-09-26T09:23:51","slug":"termeni-si-conditii","status":"publish","type":"page","link":"https:\/\/lipitori-medicinale.ro\/stage\/termeni-si-conditii\/","title":{"rendered":"Termeni \u0219i condi\u021bii"},"content":{"rendered":"<div class=\"wp-block-maxi-blocks-text-maxi maxi-block maxi-text-block maxi-light text-maxi-17d5312e-u\" id=\"text-maxi-17d5312e-u\"><p class=\"maxi-text-block__content\">1. Termeni<br>Prin accesarea acestui site web, e\u0219ti de acord s\u0103 respec\u021bi ace\u0219ti termeni \u0219i condi\u021bii de utilizare, toate legile \u0219i reglement\u0103rile aplicabile \u0219i e\u0219ti responsabil pentru respectarea tuturor legilor locale aplicabile. Dac\u0103 nu e\u0219ti de acord cu oricare dintre ace\u0219ti termeni, nu \u021bi se permite s\u0103 utilizezi sau s\u0103 accesezi acest site. Materialele con\u021binute pe acest site sunt protejate de legea aplicabil\u0103 privind drepturile de autor \u0219i m\u0103rcile comerciale.<br>2. Licen\u021ba de utilizare<br>Se acord\u0103 permisiunea de desc\u0103rcare temporar\u0103 a unei copii a materialelor (informa\u021bii sau software) de pe site-ul web al lipitori-medicinale.ro, doar pentru vizualizare personal\u0103, necomercial\u0103. Aceasta este acordarea unei licen\u021be, nu un transfer de titlu, \u0219i \u00een baza acestei licen\u021be nu po\u021bi:<br>Modifica sau copia materialele;<br>Utiliza materialele \u00een orice scop comercial sau pentru orice afi\u0219are public\u0103 (comercial\u0103 sau necomercial\u0103);<br>\u00cencerca s\u0103 decompilezi sau s\u0103 efectuezi inginerie invers\u0103 asupra oric\u0103rui software de pe site-ul lipitori-medicinale.ro;<br>\u00cendep\u0103rta orice not\u0103 de drepturi de autor sau alte men\u021biuni de proprietate din materiale; sau<br>Transfera materialele c\u0103tre o alt\u0103 persoan\u0103 sau &#8220;reflecta&#8221; materialele pe orice alt server.<br>Aceast\u0103 licen\u021b\u0103 va fi automat terminat\u0103 dac\u0103 \u00eencalci oricare dintre aceste restric\u021bii \u0219i poate fi terminat\u0103 de lipitori-medicinale.ro \u00een orice moment. La terminarea vizualiz\u0103rii acestor materiale sau la \u00eencheierea acestei licen\u021be, trebuie s\u0103 distrugi orice materiale desc\u0103rcate aflate \u00een posesia ta, fie \u00een format electronic, fie tip\u0103rit.<br>3. Renun\u021bare<br>Materialele de pe site-ul lipitori-medicinale.ro sunt furnizate \u201eca atare\u201d. lipitori-medicinale.ro nu ofer\u0103 nici o garan\u021bie, exprimat\u0103 sau implicit\u0103, \u0219i prin aceasta declin\u0103 \u0219i neag\u0103 toate celelalte garan\u021bii, inclusiv, f\u0103r\u0103 limitare, garan\u021bii implicite sau condi\u021bii de comercializare, adecvare pentru un anumit scop, sau ne\u00eenc\u0103lcarea propriet\u0103\u021bii intelectuale sau alte \u00eenc\u0103lc\u0103ri ale drepturilor. \u00cen plus, lipitori-medicinale.ro nu garanteaz\u0103 sau face vreo declara\u021bie cu privire la exactitatea, rezultatele probabile sau fiabilitatea utiliz\u0103rii materialelor de pe site-ul s\u0103u web sau legate \u00een alt mod de aceste materiale sau pe orice site-uri legate de acest site.<br>4. Limit\u0103ri<br>\u00cen niciun caz, lipitori-medicinale.ro sau furnizorii s\u0103i nu vor fi r\u0103spunz\u0103tori pentru orice daune (inclusiv, f\u0103r\u0103 limitare, daune pentru pierderea de date sau profit, sau din cauza \u00eentreruperii afacerii) care rezult\u0103 din utilizarea sau incapacitatea de a utiliza materialele de pe site-ul lipitori-medicinale.ro, chiar dac\u0103 lipitori-medicinale.ro sau un reprezentant autorizat al lipitori-medicinale.ro a fost notificat oral sau \u00een scris cu privire la posibilitatea unor astfel de daune. Deoarece unele jurisdic\u021bii nu permit limit\u0103ri asupra garan\u021biilor implicite sau limit\u0103ri de r\u0103spundere pentru daunele contingente sau incidente, aceste limit\u0103ri pot s\u0103 nu se aplice \u00een cazul t\u0103u.<br>5. Revizuiri \u0219i Erate<br>Materialele care apar pe site-ul lipitori-medicinale.ro pot include erori tehnice, tipografice sau fotografice. lipitori-medicinale.ro nu garanteaz\u0103 c\u0103 niciunul dintre materialele de pe site-ul s\u0103u sunt exacte, complete sau actuale. lipitori-medicinale.ro poate face modific\u0103ri la materialele cuprinse pe site-ul s\u0103u \u00een orice moment f\u0103r\u0103 notificare. Cu toate acestea, lipitori-medicinale.ro nu se angajeaz\u0103 s\u0103 actualizeze materialele.<br>6. Link-uri<br>lipitori-medicinale.ro nu a revizuit toate site-urile legate de site-ul s\u0103u web \u0219i nu este responsabil pentru con\u021binutul niciunui astfel de site legat. Includerea oric\u0103rui link nu implic\u0103 aprobarea de c\u0103tre lipitori-medicinale.ro a site-ului. Utilizarea oric\u0103ruia dintre aceste site-uri web legate este pe propriul risc al utilizatorului.<br>7. Modific\u0103ri ale Termenilor de Utilizare<br>lipitori-medicinale.ro poate revizui ace\u0219ti termeni de utilizare pentru site-ul s\u0103u web \u00een orice moment, f\u0103r\u0103 notificare. Prin utilizarea acestui site web, e\u0219ti de acord s\u0103 fii legat de versiunea curent\u0103 a acestor termeni \u0219i condi\u021bii de utilizare.<br>8. Legea aplicabil\u0103<br>Ace\u0219ti termeni \u0219i condi\u021bii sunt guverna\u021bi \u0219i interpreta\u021bi \u00een conformitate cu legile din Rom\u00e2nia, iar tu te supui irevocabil jurispruden\u021bei exclusive a instan\u021belor din acea stat sau loca\u021bie.<br><br>Contact<br>Dac\u0103 ai \u00eentreb\u0103ri sau nel\u0103muriri cu privire la ace\u0219ti termeni \u0219i condi\u021bii, te rug\u0103m s\u0103 ne contactezi la:<br><strong>Email:<\/strong>\u00a0contact@lipitori-medicinale.ro\u00a0<strong>Telefon:<\/strong>\u00a0+40 727.641.920<\/p><\/div><div class=\"wp-block-maxi-blocks-text-maxi maxi-block maxi-text-block maxi-light text-maxi-4049d031-u\" id=\"text-maxi-4049d031-u\"><p class=\"maxi-text-block__content\">Site-ul Lipitori-medicinale.ro este administrat de catre Hirudomaxx SRL.<br \/>Toate comenzile plasate pe Lipitori-medicinale.ro pot fi procesate de catre Hirudomaxx SRL prin alte platforme partenere sau proprii.<\/p><\/div><p class=\"maxi-block--use-sc\"><\/p>","protected":false},"excerpt":{"rendered":"","protected":false},"author":1,"featured_media":0,"parent":0,"menu_order":0,"comment_status":"closed","ping_status":"open","template":"","meta":{"footnotes":""},"class_list":["post-3","page","type-page","status-publish","hentry"],"_links":{"self":[{"href":"https:\/\/lipitori-medicinale.ro\/stage\/wp-json\/wp\/v2\/pages\/3","targetHints":{"allow":["GET"]}}],"collection":[{"href":"https:\/\/lipitori-medicinale.ro\/stage\/wp-json\/wp\/v2\/pages"}],"about":[{"href":"https:\/\/lipitori-medicinale.ro\/stage\/wp-json\/wp\/v2\/types\/page"}],"author":[{"embeddable":true,"href":"https:\/\/lipitori-medicinale.ro\/stage\/wp-json\/wp\/v2\/users\/1"}],"replies":[{"embeddable":true,"href":"https:\/\/lipitori-medicinale.ro\/stage\/wp-json\/wp\/v2\/comments?post=3"}],"version-history":[{"count":3,"href":"https:\/\/lipitori-medicinale.ro\/stage\/wp-json\/wp\/v2\/pages\/3\/revisions"}],"predecessor-version":[{"id":370,"href":"https:\/\/lipitori-medicinale.ro\/stage\/wp-json\/wp\/v2\/pages\/3\/revisions\/370"}],"wp:attachment":[{"href":"https:\/\/lipitori-medicinale.ro\/stage\/wp-json\/wp\/v2\/media?parent=3"}],"curies":[{"name":"wp","href":"https:\/\/api.w.org\/{rel}","templated":true}]}}